{"id":3,"date":"2023-06-27T20:36:38","date_gmt":"2023-06-27T20:36:38","guid":{"rendered":"http:\/\/hclegal.pl\/?page_id=3"},"modified":"2023-11-20T00:50:18","modified_gmt":"2023-11-20T00:50:18","slug":"privacy-policy","status":"publish","type":"page","link":"https:\/\/hclegal.pl\/index.php\/privacy-policy\/","title":{"rendered":"Privacy Policy"},"content":{"rendered":"\t\t<div data-elementor-type=\"wp-page\" data-elementor-id=\"3\" class=\"elementor elementor-3\">\n\t\t\t\t\t\t<section class=\"elementor-section elementor-top-section elementor-element elementor-element-7137da4 elementor-section-boxed elementor-section-height-default elementor-section-height-default\" data-id=\"7137da4\" data-element_type=\"section\" data-e-type=\"section\">\n\t\t\t\t\t\t<div class=\"elementor-container elementor-column-gap-default\">\n\t\t\t\t\t<div class=\"elementor-column elementor-col-100 elementor-top-column elementor-element elementor-element-1b4a19ec\" data-id=\"1b4a19ec\" data-element_type=\"column\" data-e-type=\"column\">\n\t\t\t<div class=\"elementor-widget-wrap elementor-element-populated\">\n\t\t\t\t\t\t<div class=\"elementor-element elementor-element-6babebb6 elementor-widget__width-initial elementor-widget elementor-widget-text-editor\" data-id=\"6babebb6\" data-element_type=\"widget\" data-e-type=\"widget\" data-widget_type=\"text-editor.default\">\n\t\t\t\t<div class=\"elementor-widget-container\">\n\t\t\t\t\t\t\t\t\t<h2><strong>Polityka prywatno\u015bci i cookies<\/strong><\/h2>\n<p><strong>&nbsp;<\/strong><span style=\"color: var( --e-global-color-text ); font-family: var( --e-global-typography-text-font-family ), Sans-serif; font-weight: var( --e-global-typography-text-font-weight ); font-size: 1rem; letter-spacing: 0.2px;\">Korzystaj\u0105c z naszej strony internetowej przekazujesz nam swoje dane osobowe.<\/span><\/p>\n<p><\/p>\n<p>Niekt\u00f3re dane mog\u0105 by\u0107 przekazywane przez Ciebie (poprzez ich wpisanie do formularza kontaktowego) lub automatycznie podczas korzystania ze strony. Dane gromadzone na podstawie formularza kontaktowego to imi\u0119, nazwisko oraz adres mailowy.<\/p>\n<p><\/p>\n<h2><strong>Kto jest Administratorem danych?<\/strong><\/h2>\n<p><strong>&nbsp;<\/strong><span style=\"color: var( --e-global-color-text ); font-family: var( --e-global-typography-text-font-family ), Sans-serif; font-weight: var( --e-global-typography-text-font-weight ); font-size: 1rem; letter-spacing: 0.2px;\">Administratorem Twoich&nbsp;danych osobowych jest Magdalena Drofiszyn, prowadz\u0105ca dzia\u0142alno\u015b\u0107 gospodarcz\u0105 pod firm\u0105 <\/span><a href=\"https:\/\/aplikacja.ceidg.gov.pl\/CEIDG\/CEIDG.Public.UI\/SearchDetails.aspx?Id=0dd1cbb7-3124-4d08-ad36-53c2b6a2734c\" style=\"font-weight: var( --e-global-typography-text-font-weight ); background-color: rgb(255, 255, 255); font-size: 1rem; letter-spacing: 0.2px;\">Kancelaria Radcy Prawnego Magdalena Drofiszyn<\/a><span style=\"color: var( --e-global-color-text ); font-family: var( --e-global-typography-text-font-family ), Sans-serif; font-weight: var( --e-global-typography-text-font-weight ); font-size: 1rem; letter-spacing: 0.2px;\">, ul. Przyja\u017ani 61\/2, 53-030 Wroc\u0142aw.<\/span><\/p>\n<p><\/p>\n<h2><strong>W jakich celach przetwarzamy dane?<\/strong><\/h2>\n<p><strong>&nbsp;<\/strong><span style=\"color: var( --e-global-color-text ); font-family: var( --e-global-typography-text-font-family ), Sans-serif; font-weight: var( --e-global-typography-text-font-weight ); font-size: 1rem; letter-spacing: 0.2px;\">Twoje dane osobowe s\u0105 wykorzystywane w celu:<\/span><\/p>\n<ol>\n<li>udost\u0119pnienia tre\u015bci zawartych na stronie internetowej i umo\u017cliwienia korzystania z serwisu (niezb\u0119dno\u015b\u0107 przetwarzania danych do wykonania umowy);<\/li>\n<li>nawi\u0105zania kontaktu i przedstawienia oferty \u2013 dotyczy danych podanych w formularzu kontaktowym (przetwarzanie niezb\u0119dne do podj\u0119cia dzia\u0142a\u0144 na \u017c\u0105danie osoby, kt\u00f3rej dane dotycz\u0105);<\/li>\n<li>umo\u017cliwienia dzia\u0142a\u0144 analitycznych i statystycznych oraz usprawnienia dzia\u0142ania serwisu \u2013 dotyczy danych przekazywanych podczas korzystania z serwisu (prawnie uzasadniony interes administratora).<\/li>\n<\/ol>\n<h2><strong>Przez jaki okres przetwarzamy dane?<\/strong><\/h2>\n<p><strong>&nbsp;<\/strong><span style=\"color: var( --e-global-color-text ); font-family: var( --e-global-typography-text-font-family ), Sans-serif; font-weight: var( --e-global-typography-text-font-weight ); font-size: 1rem; letter-spacing: 0.2px;\">Okres przetwarzania danych zale\u017cy od rodzaju \u015bwiadczonej us\u0142ugi i celu przetwarzania.<\/span><\/p>\n<p><\/p>\n<p>Dane s\u0105 przetwarzane przez okres niezb\u0119dny do spe\u0142nienia celu ich przechowywania. Okres przetwarzania mo\u017ce by\u0107 przed\u0142u\u017cony, je\u015bli b\u0119dzie to konieczne do ustalenia i dochodzenia roszcze\u0144 albo obrony przed takimi roszczeniami. W takich wypadkach przetwarzanie przed\u0142u\u017ca si\u0119 o okres niezb\u0119dny do wykonania powy\u017cszych czynno\u015bci, a po ich wykonaniu na okres wymagany przez odpowiednie przepisy prawa.<\/p>\n<p><\/p>\n<h2><strong>Jak chronione s\u0105 Twoje dane?<\/strong><\/h2>\n<p><strong>&nbsp;<\/strong><span style=\"color: var( --e-global-color-text ); font-family: var( --e-global-typography-text-font-family ), Sans-serif; font-weight: var( --e-global-typography-text-font-weight ); font-size: 1rem; letter-spacing: 0.2px;\">Niezale\u017cnie od sposobu ich przekazania, Twoje dane s\u0105 chronione przed dost\u0119pem os\u00f3b nieuprawnionych oraz przetwarzane zgodnie z zasadami okre\u015blonymi w odpowiednich przepisach prawa (w tym Rozporz\u0105dzenia Parlamentu Europejskiego i Rady (UE) 2016\/679 z dnia 27 kwietnia 2016&nbsp;r. w sprawie ochrony os\u00f3b fizycznych w zwi\u0105zku z przetwarzaniem danych osobowych i w sprawie swobodnego przep\u0142ywu takich danych oraz uchylenia dyrektywy 95\/46\/WE &#8211; og\u00f3lne rozporz\u0105dzenie o ochronie danych &#8211; RODO).<\/span><\/p>\n<p><\/p>\n<h2><strong>Komu udost\u0119pniane s\u0105 Twoje dane?<\/strong><\/h2>\n<p><strong>&nbsp;<\/strong><span style=\"color: var( --e-global-color-text ); font-family: var( --e-global-typography-text-font-family ), Sans-serif; font-weight: var( --e-global-typography-text-font-weight ); font-size: 1rem; letter-spacing: 0.2px;\">Twoje dane s\u0105 udost\u0119pniane wy\u0142\u0105cznie pracownikom i wsp\u00f3\u0142pracownikom Kancelarii i to tylko w takim zakresie w jakim jest to konieczne do wykonywania ich zobowi\u0105za\u0144.<\/span><\/p>\n<p><\/p>\n<h2><strong>Jakie masz prawa?<\/strong><\/h2>\n<p><\/p>\n<p>Zgodnie z art. 15-21 RODO masz prawo:<\/p>\n<ol>\n<li>zapytania jakie dane o Tobie posiadamy i w jakich celach s\u0105 one wykorzystywane;<\/li>\n<li>dost\u0119pu do swoich danych i ich sprostowania;<\/li>\n<li>\u017c\u0105da\u0107 usuni\u0119cia lub ograniczenia przetwarzania Twoich danych;<\/li>\n<li>przenoszenia swoich danych;<\/li>\n<li>wnie\u015b\u0107 sprzeciw wobec przetwarzania Twoich danych na podstawie uzasadnionego interes;<\/li>\n<li>wnie\u015b\u0107 skarg\u0119 do organu nadzorczego (Prezes UODO), je\u015bli Twoje dane osobowe s\u0105 nieprawid\u0142owo przetwarzane.<\/li>\n<\/ol>\n<h2><strong>Pliki cookies i ich wykorzystanie<\/strong><\/h2>\n<p><strong>&nbsp;<\/strong><span style=\"color: var( --e-global-color-text ); font-family: var( --e-global-typography-text-font-family ), Sans-serif; font-weight: var( --e-global-typography-text-font-weight ); font-size: 1rem; letter-spacing: 0.2px;\">Pliki cookies to niewielkie pliki, zapisywane i przechowywane na komputerze lub innym urz\u0105dzeniu, podczas przegl\u0105dania stron internetowych. Ciasteczka umo\u017cliwiaj\u0105 optymalizacj\u0119 korzystania ze stron www oraz gromadzenia danych dotycz\u0105cych zachowa\u0144 u\u017cytkownik\u00f3w podczas korzystania ze strony internetowej.<\/span><\/p>\n<p>Strona wykorzystuje techniczne i analityczne pliki Cookies. Ich gromadzenie umo\u017cliwia nam analiz\u0119 preferencji u\u017cytkownik\u00f3w oraz lepsze dostosowanie tre\u015bci i funkcjonalno\u015bci naszej strony do ich oczekiwa\u0144.<\/p>\n<p><\/p>\n<h2><strong>Czy mo\u017cna zmieni\u0107 ustawienia cookies?<\/strong><\/h2>\n<p><strong>&nbsp;<\/strong><span style=\"color: var( --e-global-color-text ); font-family: var( --e-global-typography-text-font-family ), Sans-serif; font-weight: var( --e-global-typography-text-font-weight ); font-size: 1rem; letter-spacing: 0.2px;\">U\u017cytkownik mo\u017ce zaakceptowa\u0107 pliki cookies, odrzuci\u0107 pliki opcjonalne lub ustawi\u0107 w\u0142asne preferencje.<\/span><\/p>\n<p><\/p>\n<h2><strong>Pytania?<\/strong><\/h2>\n<p><strong>&nbsp;<\/strong><span style=\"color: var( --e-global-color-text ); font-family: var( --e-global-typography-text-font-family ), Sans-serif; font-weight: var( --e-global-typography-text-font-weight ); font-size: 1rem; letter-spacing: 0.2px;\">Je\u015bli masz pytania wy\u015blij wiadomo\u015b\u0107 na adres kancelaria@hclegal.pl. W tytule wiadomo\u015bci podaj \u201eRODO\u201d.<\/span><\/p>\n<p><\/p>\t\t\t\t\t\t\t\t<\/div>\n\t\t\t\t<\/div>\n\t\t\t\t\t<\/div>\n\t\t<\/div>\n\t\t\t\t\t<\/div>\n\t\t<\/section>\n\t\t\t\t<\/div>\n\t\t","protected":false},"excerpt":{"rendered":"<p>Polityka prywatno\u015bci i cookies &nbsp;Korzystaj\u0105c z naszej strony internetowej przekazujesz nam swoje dane osobowe. Niekt\u00f3re dane mog\u0105 by\u0107 przekazywane przez Ciebie (poprzez ich wpisanie do formularza kontaktowego) lub automatycznie podczas korzystania ze strony. Dane gromadzone na podstawie formularza kontaktowego to imi\u0119, nazwisko oraz adres mailowy. Kto jest Administratorem danych? &nbsp;Administratorem Twoich&nbsp;danych osobowych jest Magdalena Drofiszyn, [&hellip;]<\/p>\n","protected":false},"author":1,"featured_media":0,"parent":0,"menu_order":0,"comment_status":"closed","ping_status":"open","template":"","meta":{"footnotes":""},"class_list":["post-3","page","type-page","status-publish","hentry"],"_links":{"self":[{"href":"https:\/\/hclegal.pl\/index.php\/wp-json\/wp\/v2\/pages\/3","targetHints":{"allow":["GET"]}}],"collection":[{"href":"https:\/\/hclegal.pl\/index.php\/wp-json\/wp\/v2\/pages"}],"about":[{"href":"https:\/\/hclegal.pl\/index.php\/wp-json\/wp\/v2\/types\/page"}],"author":[{"embeddable":true,"href":"https:\/\/hclegal.pl\/index.php\/wp-json\/wp\/v2\/users\/1"}],"replies":[{"embeddable":true,"href":"https:\/\/hclegal.pl\/index.php\/wp-json\/wp\/v2\/comments?post=3"}],"version-history":[{"count":9,"href":"https:\/\/hclegal.pl\/index.php\/wp-json\/wp\/v2\/pages\/3\/revisions"}],"predecessor-version":[{"id":356,"href":"https:\/\/hclegal.pl\/index.php\/wp-json\/wp\/v2\/pages\/3\/revisions\/356"}],"wp:attachment":[{"href":"https:\/\/hclegal.pl\/index.php\/wp-json\/wp\/v2\/media?parent=3"}],"curies":[{"name":"wp","href":"https:\/\/api.w.org\/{rel}","templated":true}]}}